{"id":648,"date":"2025-02-21T17:18:19","date_gmt":"2025-02-21T22:18:19","guid":{"rendered":"https:\/\/iesanjosecip.edu.co\/?page_id=648"},"modified":"2025-10-27T11:55:52","modified_gmt":"2025-10-27T16:55:52","slug":"contratacion-2025","status":"publish","type":"page","link":"https:\/\/iesanjosecip.edu.co\/?page_id=648","title":{"rendered":"Contrataci\u00f3n 2025"},"content":{"rendered":"\n<p><strong>INVITACI\u00d3N PUBLICA 001-2025<\/strong><\/p>\n\n\n\n<p>OBJETO: SERVICIO EN GENERAL DE DESINFECCION Y LIMPIEZA EN PATIOS, ZONAS VERDE, JARDINES, CANALETAS O CANALES DE DESAG\u00dcE, VIGACANALES, ZONAS DE CIRCULACI\u00d3N, PODA DE \u00c1RBOLES, DESMONTE EN LAS SEDES DE LA INSTITUCI\u00d3N EDUCATIVA.<\/p>\n\n\n\n<p>ESTUDIO DE MERCADO <a href=\"https:\/\/iesanjosecip.edu.co\/wp-content\/uploads\/2025\/02\/EM01-2025-CIP.pdf\">https:\/\/iesanjosecip.edu.co\/wp-content\/uploads\/2025\/02\/EM01-2025-CIP.pdf<\/a><\/p>\n\n\n\n<p>ESTUDIO PREVIO <a href=\"https:\/\/iesanjosecip.edu.co\/wp-content\/uploads\/2025\/02\/EP01-2025-CIP.pdf\">https:\/\/iesanjosecip.edu.co\/wp-content\/uploads\/2025\/02\/EP01-2025-CIP.pdf<\/a><\/p>\n\n\n\n<p>INVITACION PUBLICA<a href=\"https:\/\/iesanjosecip.edu.co\/wp-content\/uploads\/2025\/02\/IP01-2025-CIP.pdf\">https:\/\/iesanjosecip.edu.co\/wp-content\/uploads\/2025\/02\/IP01-2025-CIP.pdf<\/a><\/p>\n\n\n\n<p>CONTRATO: <a href=\"https:\/\/iesanjosecip.edu.co\/wp-content\/uploads\/2025\/02\/CONTRATO-001-2025-CIP-OR.pdf\">https:\/\/iesanjosecip.edu.co\/wp-content\/uploads\/2025\/02\/CONTRATO-001-2025-CIP-OR.pdf<\/a><\/p>\n\n\n\n<p><strong>CONTRATACI\u00d3N DIRECTA 002-2025<\/strong><\/p>\n\n\n\n<p>OBJETO:SERVICIOS PROFESIONALES PARA LA ASESOR\u00cdA CONTABLE Y FINANCIERA DE LA INSTITUCI\u00d3N EDUCATIVA SAN JOS\u00c9 CIP.<\/p>\n\n\n\n<p>ESTUDIO DE MERCADO <a href=\"https:\/\/iesanjosecip.edu.co\/wp-content\/uploads\/2025\/04\/estudio-de-mercado-002-2025cip.pdf\">https:\/\/iesanjosecip.edu.co\/wp-content\/uploads\/2025\/04\/estudio-de-mercado-002-2025cip.pdf<\/a><\/p>\n\n\n\n<p>ESTUDIO PREVIO <a href=\"https:\/\/iesanjosecip.edu.co\/wp-content\/uploads\/2025\/04\/ESTUDIO-PREVIO-002-2025cip.pdf\">https:\/\/iesanjosecip.edu.co\/wp-content\/uploads\/2025\/04\/ESTUDIO-PREVIO-002-2025cip.pdf<\/a><\/p>\n\n\n\n<p>RESOLUCI\u00d3N DE JUSTIFICACI\u00d3N <a href=\"https:\/\/iesanjosecip.edu.co\/wp-content\/uploads\/2025\/04\/RESOLUCION-DE-JUSTIFICACION-DE-CONTRATACION-D-002-2025CIP.pdf\">https:\/\/iesanjosecip.edu.co\/wp-content\/uploads\/2025\/04\/RESOLUCION-DE-JUSTIFICACION-DE-CONTRATACION-D-002-2025CIP.pdf<\/a><\/p>\n\n\n\n<p>CONTRATO: <a href=\"https:\/\/iesanjosecip.edu.co\/wp-content\/uploads\/2025\/04\/CONTRATO-002-OR.pdf\">https:\/\/iesanjosecip.edu.co\/wp-content\/uploads\/2025\/04\/CONTRATO-002-OR.pdf<\/a><\/p>\n\n\n\n<p><strong>CONTRATACI\u00d3N DIRECTA 003-2025<\/strong><\/p>\n\n\n\n<p>OBJETO: SERVICIOS PROFESIONALES PARA LA ASESOR\u00cdA LEGAL, SECOP 2 Y CONTRATACIONES EN LA ADQUISICION DE BIENES Y SERVICIOS EN RELACI\u00d3N A LOS RECURSOS DE FSE DE LA INSTITUCI\u00d3N EDUCATIVA SAN JOS\u00c9 CIP.<\/p>\n\n\n\n<p>ESTUDIO DE MERCADO <a href=\"https:\/\/iesanjosecip.edu.co\/wp-content\/uploads\/2025\/04\/estudio-de-mercado-003-2025cip.pdf\">https:\/\/iesanjosecip.edu.co\/wp-content\/uploads\/2025\/04\/estudio-de-mercado-003-2025cip.pdf<\/a><\/p>\n\n\n\n<p>ESTUDIO PREVIO <a href=\"https:\/\/iesanjosecip.edu.co\/wp-content\/uploads\/2025\/04\/ESTUDIO-PREVIO-003-2025-CIP.pdf\">https:\/\/iesanjosecip.edu.co\/wp-content\/uploads\/2025\/04\/ESTUDIO-PREVIO-003-2025-CIP.pdf<\/a><\/p>\n\n\n\n<p>RESOLUCI\u00d3N DE JUSTIFICACI\u00d3N <a href=\"https:\/\/iesanjosecip.edu.co\/wp-content\/uploads\/2025\/04\/RESOLUCION-DE-CONTRATACION-D-003-2025cip.pdf\">https:\/\/iesanjosecip.edu.co\/wp-content\/uploads\/2025\/04\/RESOLUCION-DE-CONTRATACION-D-003-2025cip.pdf<\/a><\/p>\n\n\n\n<p>CONTRATO: <a href=\"https:\/\/iesanjosecip.edu.co\/wp-content\/uploads\/2025\/04\/CONTRATO-003-or.pdf\">https:\/\/iesanjosecip.edu.co\/wp-content\/uploads\/2025\/04\/CONTRATO-003-or.pdf<\/a><\/p>\n\n\n\n<p><strong>INVITACI\u00d3N PUBLICA 004-2025<\/strong><\/p>\n\n\n\n<p>OBJETO: SUMINISTRO DE MATERIALES, ELEMENTOS Y \u00daTILES DE OFICINA PARA LA GESTI\u00d3N ADMINISTRATIVA DE LA INSTITUCI\u00d3N EDUCATIVA SAN JOS\u00c9 C.I.P.<\/p>\n\n\n\n<p>ESTUDIO DE MERCADO <a href=\"https:\/\/iesanjosecip.edu.co\/wp-content\/uploads\/2025\/04\/EM004-2025CIP.pdf\">https:\/\/iesanjosecip.edu.co\/wp-content\/uploads\/2025\/04\/EM004-2025CIP.pdf<\/a><\/p>\n\n\n\n<p>ESTUDIO PREVIO <a href=\"https:\/\/iesanjosecip.edu.co\/wp-content\/uploads\/2025\/04\/ESTUDIO-PREVIO-004-25CIP.pdf\">https:\/\/iesanjosecip.edu.co\/wp-content\/uploads\/2025\/04\/ESTUDIO-PREVIO-004-25CIP.pdf<\/a><\/p>\n\n\n\n<p>INVITACION PUBLICA<a href=\"https:\/\/iesanjosecip.edu.co\/wp-content\/uploads\/2025\/04\/INVITACION-PUBLICA-004-2025.pdf\">https:\/\/iesanjosecip.edu.co\/wp-content\/uploads\/2025\/04\/INVITACION-PUBLICA-004-2025.pdf<\/a><\/p>\n\n\n\n<p>CONTRATO: <a href=\"https:\/\/iesanjosecip.edu.co\/wp-content\/uploads\/2025\/04\/CONTRATO-OR004.pdf\">https:\/\/iesanjosecip.edu.co\/wp-content\/uploads\/2025\/04\/CONTRATO-OR004.pdf<\/a><\/p>\n\n\n\n<p><strong>INVITACI\u00d3N PUBLICA 005-2025<\/strong><\/p>\n\n\n\n<p>OBJETO: SERVICIO DE MANTENIMIENTO PREVENTIVO Y CORRECTIVO DE AIRES ACONDICIONADO A TODO COSTO EN LAS SEDES DE LA INSTITUCI\u00d3N EDUCATIVA SAN JOS\u00c9 CIP.<\/p>\n\n\n\n<p>ESTUDIO DE MERCADO: <a href=\"https:\/\/iesanjosecip.edu.co\/wp-content\/uploads\/2025\/04\/EM005-2025.pdf\">https:\/\/iesanjosecip.edu.co\/wp-content\/uploads\/2025\/04\/EM005-2025.pdf<\/a><\/p>\n\n\n\n<p>ESTUDIO PREVIO:<a href=\"https:\/\/iesanjosecip.edu.co\/wp-content\/uploads\/2025\/04\/ESTUDIO-PREVIO-005.pdf\">https:\/\/iesanjosecip.edu.co\/wp-content\/uploads\/2025\/04\/ESTUDIO-PREVIO-005.pdf<\/a><\/p>\n\n\n\n<p>INVITACION PUBLICA:<a href=\"https:\/\/iesanjosecip.edu.co\/wp-content\/uploads\/2025\/04\/INVITACION-PUBLICA-005.pdf\">https:\/\/iesanjosecip.edu.co\/wp-content\/uploads\/2025\/04\/INVITACION-PUBLICA-005.pdf<\/a><\/p>\n\n\n\n<p>CONTRATO: <a href=\"https:\/\/iesanjosecip.edu.co\/wp-content\/uploads\/2025\/07\/CONTRATO-005-OR.pdf\">https:\/\/iesanjosecip.edu.co\/wp-content\/uploads\/2025\/07\/CONTRATO-005-OR.pdf<\/a><\/p>\n\n\n\n<p><strong>INVITACI\u00d3N PUBLICA 006-2025<\/strong><\/p>\n\n\n\n<p>OBJETO:<a><strong>COMPRA DE EQUIPOS TECNOLOGICOS DE VENTILACION Y DE ENFRIAMIENTO(AIRES ACONDICIONADOS) PARA LA INSTITUCI\u00d3N EDUCATIVA SAN JOS\u00c9 C.I.P<\/strong><\/a><strong>.<\/strong><\/p>\n\n\n\n<p>ESTUDIO DE MERCADO: <a href=\"https:\/\/iesanjosecip.edu.co\/wp-content\/uploads\/2025\/07\/estudio-de-mercado-006.pdf\">https:\/\/iesanjosecip.edu.co\/wp-content\/uploads\/2025\/07\/estudio-de-mercado-006.pdf<\/a><\/p>\n\n\n\n<p>ESTUDIO PREVIO<a href=\"https:\/\/iesanjosecip.edu.co\/wp-content\/uploads\/2025\/07\/ESTUDIO-PREVIO.pdf\">https:\/\/iesanjosecip.edu.co\/wp-content\/uploads\/2025\/07\/ESTUDIO-PREVIO.pdf<\/a><\/p>\n\n\n\n<p>INVITACION PUBLICA:<a href=\"https:\/\/iesanjosecip.edu.co\/wp-content\/uploads\/2025\/07\/INVITACION-PUBLICA-.pdf\">https:\/\/iesanjosecip.edu.co\/wp-content\/uploads\/2025\/07\/INVITACION-PUBLICA-.pdf<\/a><\/p>\n\n\n\n<p>CONTRATO: <a href=\"https:\/\/iesanjosecip.edu.co\/wp-content\/uploads\/2025\/07\/CONTRATO-ORI.pdf\">https:\/\/iesanjosecip.edu.co\/wp-content\/uploads\/2025\/07\/CONTRATO-ORI.pdf<\/a><\/p>\n\n\n\n<p><\/p>\n\n\n\n<p><strong>INVITACI\u00d3N PUBLICA 007-2025<\/strong><\/p>\n\n\n\n<p>OBJETO: <strong>SERVICIO EN MANTENIMIENTO Y ADECUACION EN LA INFRAESTRUCTURA FISICA PARA LA ATENCION DE LA PRIMERA INFANCIA EN LA INSTITUCION EDUCATIVA SAN JOSE CIP<\/strong>.<\/p>\n\n\n\n<p>ESTUDIO DE MERCADO: <a href=\"https:\/\/iesanjosecip.edu.co\/wp-content\/uploads\/2025\/07\/estudio-de-mercado-007.pdf\">https:\/\/iesanjosecip.edu.co\/wp-content\/uploads\/2025\/07\/estudio-de-mercado-007.pdf<\/a><\/p>\n\n\n\n<p>ESTUDIO PREVIO<a href=\"https:\/\/iesanjosecip.edu.co\/wp-content\/uploads\/2025\/07\/ESTUDIO-PREVIO-007.pdf\">https:\/\/iesanjosecip.edu.co\/wp-content\/uploads\/2025\/07\/ESTUDIO-PREVIO-007.pdf<\/a><\/p>\n\n\n\n<p>INVITACION PUBLICA<a href=\"https:\/\/iesanjosecip.edu.co\/wp-content\/uploads\/2025\/07\/INVITACION-PUBLICA-007.pdf\">https:\/\/iesanjosecip.edu.co\/wp-content\/uploads\/2025\/07\/INVITACION-PUBLICA-007.pdf<\/a><\/p>\n\n\n\n<p>CONTRATO: <a href=\"https:\/\/iesanjosecip.edu.co\/wp-content\/uploads\/2025\/07\/CONTRATO-OR-007-CIP.pdf\">https:\/\/iesanjosecip.edu.co\/wp-content\/uploads\/2025\/07\/CONTRATO-OR-007-CIP.pdf<\/a><\/p>\n\n\n\n<p><strong>CONTRATACION DIRECTA 008-2025<\/strong><\/p>\n\n\n\n<p>OBJETO: <strong>PRESTACI\u00d3N DE SERVICIO EN FORMACI\u00d3N MUSICAL PARA ESTUDIANTES DEL PROYECTO ESCUELA DE FORMACI\u00d3N MUSICAL, SEG\u00daN CONVENIO NO. 0915 \u2013 2025 ENTRE EL MINISTERIO DE LAS CULTURAS, LAS ARTES Y LOS SABERES Y LA INSTITUCI\u00d3N EDUCATIVA SAN JOS\u00c9.<\/strong><\/p>\n\n\n\n<p>ESTUDIO DE MERCADO:<a href=\"https:\/\/iesanjosecip.edu.co\/wp-content\/uploads\/2025\/07\/estudio-de-mercado-008.pdf\">https:\/\/iesanjosecip.edu.co\/wp-content\/uploads\/2025\/07\/estudio-de-mercado-008.pdf<\/a><\/p>\n\n\n\n<p>ESTUDIO PREVIO: <a href=\"https:\/\/iesanjosecip.edu.co\/wp-content\/uploads\/2025\/07\/ESTUDIO-PREVIO-008.pdf\">https:\/\/iesanjosecip.edu.co\/wp-content\/uploads\/2025\/07\/ESTUDIO-PREVIO-008.pdf<\/a><\/p>\n\n\n\n<p>RESOLUCION DE CONTRATACION DIRECTA: <a href=\"https:\/\/iesanjosecip.edu.co\/wp-content\/uploads\/2025\/07\/RESOLUCION-DE-CONTRATACION-D008.pdf\">https:\/\/iesanjosecip.edu.co\/wp-content\/uploads\/2025\/07\/RESOLUCION-DE-CONTRATACION-D008.pdf<\/a><\/p>\n\n\n\n<p>CONTRATO<a href=\"https:\/\/iesanjosecip.edu.co\/wp-content\/uploads\/2025\/07\/CONTRATO-008-OR.pdf\">https:\/\/iesanjosecip.edu.co\/wp-content\/uploads\/2025\/07\/CONTRATO-008-OR.pdf<\/a><\/p>\n\n\n\n<p><\/p>\n\n\n\n<p><strong>CONTRATACION DIRECTA 009-2025<\/strong><\/p>\n\n\n\n<p>OBJETO: <strong>PRESTACI\u00d3N DE SERVICIO EN FORMACI\u00d3N MUSICAL PARA ESTUDIANTES DEL PROYECTO ESCUELA DE FORMACI\u00d3N MUSICAL, SEG\u00daN CONVENIO NO. 0915 \u2013 2025 ENTRE EL MINISTERIO DE LAS CULTURAS, LAS ARTES Y LOS SABERES Y LA INSTITUCI\u00d3N EDUCATIVA SAN JOS\u00c9.<\/strong><\/p>\n\n\n\n<p>ESTUDIO DE MERCADO: <a href=\"https:\/\/iesanjosecip.edu.co\/wp-content\/uploads\/2025\/07\/estudio-de-mercado-009.pdf\">https:\/\/iesanjosecip.edu.co\/wp-content\/uploads\/2025\/07\/estudio-de-mercado-009.pdf<\/a><\/p>\n\n\n\n<p>ESTUDIO PREVIO: <a href=\"https:\/\/iesanjosecip.edu.co\/wp-content\/uploads\/2025\/07\/ESTUDIO-PREVIO-009.pdf\">https:\/\/iesanjosecip.edu.co\/wp-content\/uploads\/2025\/07\/ESTUDIO-PREVIO-009.pdf<\/a><\/p>\n\n\n\n<p>RESOLUCI\u00d3N DE CONTRATACION DIRECTA: <a href=\"https:\/\/iesanjosecip.edu.co\/wp-content\/uploads\/2025\/07\/RESOLUCION-DE-CONTRATACION-D-009.pdf\">https:\/\/iesanjosecip.edu.co\/wp-content\/uploads\/2025\/07\/RESOLUCION-DE-CONTRATACION-D-009.pdf<\/a><\/p>\n\n\n\n<p>CONTRATO: <a href=\"https:\/\/iesanjosecip.edu.co\/wp-content\/uploads\/2025\/07\/CONTRATO-009-OR.pdf\">https:\/\/iesanjosecip.edu.co\/wp-content\/uploads\/2025\/07\/CONTRATO-009-OR.pdf<\/a><\/p>\n\n\n\n<p><strong>INVITACI\u00d3N PUBLICA 010-2025<\/strong><\/p>\n\n\n\n<p>OBJETO: <a><strong>SERVICIO DE MANTENIMIENTO PREVENTIVO Y CORRECTIVO DE VENTILADORES DE TECHO A TODO COSTO EN LAS SEDES DE LA INSTITUCI\u00d3N EDUCATIVA SAN JOS\u00c9 CIP.<\/strong><\/a><\/p>\n\n\n\n<p>ESTUDIO DE MERCADO: <a href=\"https:\/\/iesanjosecip.edu.co\/wp-content\/uploads\/2025\/07\/estudio-de-mercado-010.pdf\">https:\/\/iesanjosecip.edu.co\/wp-content\/uploads\/2025\/07\/estudio-de-mercado-010.pdf<\/a><\/p>\n\n\n\n<p>ESTUDIO PREVIO: <a href=\"https:\/\/iesanjosecip.edu.co\/wp-content\/uploads\/2025\/07\/ESTUDIO-PREVIO-010.pdf\">https:\/\/iesanjosecip.edu.co\/wp-content\/uploads\/2025\/07\/ESTUDIO-PREVIO-010.pdf<\/a><\/p>\n\n\n\n<p>INVITACION PUBLICA: <a href=\"https:\/\/iesanjosecip.edu.co\/wp-content\/uploads\/2025\/07\/INVITACION-PUBLICA-010.pdf\">https:\/\/iesanjosecip.edu.co\/wp-content\/uploads\/2025\/07\/INVITACION-PUBLICA-010.pdf<\/a><\/p>\n\n\n\n<p>CONTRATO: <a href=\"https:\/\/iesanjosecip.edu.co\/wp-content\/uploads\/2025\/07\/CONTRATO-010-or.pdf\">https:\/\/iesanjosecip.edu.co\/wp-content\/uploads\/2025\/07\/CONTRATO-010-or.pdf<\/a><\/p>\n\n\n\n<p><strong>INVITACI\u00d3N PUBLICA 011-2025<\/strong><\/p>\n\n\n\n<p>OBJETO: <strong>COMPRA Y\/O ADQUISICI\u00d3N DE MOBILIARIOS (SILLAS, ARMARIOS Y TABLEROS) PARA LA INSTITUCI\u00d3N EDUCATIVA SAN JOS\u00c9 C.I.P<\/strong>.<\/p>\n\n\n\n<p>ESTUDIO DE MERCADO: <a href=\"https:\/\/iesanjosecip.edu.co\/wp-content\/uploads\/2025\/07\/estudio-de-mercado-0011.pdf\">https:\/\/iesanjosecip.edu.co\/wp-content\/uploads\/2025\/07\/estudio-de-mercado-0011.pdf<\/a><\/p>\n\n\n\n<p>ESTUDIO PREVIO: <a href=\"https:\/\/iesanjosecip.edu.co\/wp-content\/uploads\/2025\/07\/ESTUDIO-PREVIO-011.pdf\">https:\/\/iesanjosecip.edu.co\/wp-content\/uploads\/2025\/07\/ESTUDIO-PREVIO-011.pdf<\/a><\/p>\n\n\n\n<p>INVITACION PUBLICA: <a href=\"https:\/\/iesanjosecip.edu.co\/wp-content\/uploads\/2025\/07\/INVITACION-PUBLICA-011.pdf\">https:\/\/iesanjosecip.edu.co\/wp-content\/uploads\/2025\/07\/INVITACION-PUBLICA-011.pdf<\/a><\/p>\n\n\n\n<p>CONTRATO:<a href=\"https:\/\/iesanjosecip.edu.co\/wp-content\/uploads\/2025\/07\/CONTRATO-011-or.pdf\">https:\/\/iesanjosecip.edu.co\/wp-content\/uploads\/2025\/07\/CONTRATO-011-or.pdf<\/a><\/p>\n\n\n\n<p><\/p>\n\n\n\n<p><strong>INVITACI\u00d3N PUBLICA 012-2025<\/strong><\/p>\n\n\n\n<p>OBJETO: <strong>SERVICIO DE MANTENIMIENTO PREVENTIVO Y CORRECTIVO DEL SISTEMA DE CAMARAS DE SEGURIDAD Y VIGILANCIA A TODO COSTO DE LA INSTITUCI\u00d3N EDUCATIVA SAN JOS\u00c9 CIP<\/strong><\/p>\n\n\n\n<p>ESTUDIO DE MERCADO: <a href=\"https:\/\/iesanjosecip.edu.co\/wp-content\/uploads\/2025\/07\/estudio-de-mercado-012.pdf\">https:\/\/iesanjosecip.edu.co\/wp-content\/uploads\/2025\/07\/estudio-de-mercado-012.pdf<\/a><\/p>\n\n\n\n<p>ESTUDIO PREVIO: <a href=\"https:\/\/iesanjosecip.edu.co\/wp-content\/uploads\/2025\/07\/ESTUDIO-PREVIO-012.pdf\">https:\/\/iesanjosecip.edu.co\/wp-content\/uploads\/2025\/07\/ESTUDIO-PREVIO-012.pdf<\/a><\/p>\n\n\n\n<p>INVITACION PUBLICA: <a href=\"https:\/\/iesanjosecip.edu.co\/wp-content\/uploads\/2025\/07\/INVITACION-PUBLICA-012.pdf\">https:\/\/iesanjosecip.edu.co\/wp-content\/uploads\/2025\/07\/INVITACION-PUBLICA-012.pdf<\/a><\/p>\n\n\n\n<p>CONTRATO: <a href=\"https:\/\/iesanjosecip.edu.co\/wp-content\/uploads\/2025\/07\/CONTRATO-012.pdf\">https:\/\/iesanjosecip.edu.co\/wp-content\/uploads\/2025\/07\/CONTRATO-012.pdf<\/a><\/p>\n\n\n\n<p><\/p>\n\n\n\n<p><strong>INVITACI\u00d3N PUBLICA 013-2025<\/strong><\/p>\n\n\n\n<p>OBJETO: <strong>PRESTACI\u00d3N DE SERVICIO EN&nbsp; MANTENIMIENTO Y ADECUACION EN LA INFRAESTRUCTURA FISICA EN ESPACIOS COMUNES EN SEDE HIJOS DE OBREROS DE LA INSTITUCION EDUCATIVA SAN JOSE CIP.<\/strong><\/p>\n\n\n\n<p>ESTUDIO DE MERCADO: <a href=\"https:\/\/iesanjosecip.edu.co\/wp-content\/uploads\/2025\/07\/estudio-de-mercado-013.pdf\">https:\/\/iesanjosecip.edu.co\/wp-content\/uploads\/2025\/07\/estudio-de-mercado-013.pdf<\/a><\/p>\n\n\n\n<p>ESTUDIO PREVIO: <a href=\"https:\/\/iesanjosecip.edu.co\/wp-content\/uploads\/2025\/07\/ESTUDIO-PREVIO-013.pdf\">https:\/\/iesanjosecip.edu.co\/wp-content\/uploads\/2025\/07\/ESTUDIO-PREVIO-013.pdf<\/a><\/p>\n\n\n\n<p>INVITACION PUBLICA: <a href=\"https:\/\/iesanjosecip.edu.co\/wp-content\/uploads\/2025\/07\/INVITACION-PUBLICA-013.pdf\">https:\/\/iesanjosecip.edu.co\/wp-content\/uploads\/2025\/07\/INVITACION-PUBLICA-013.pdf<\/a><\/p>\n\n\n\n<p>CONTRATO: <a href=\"https:\/\/iesanjosecip.edu.co\/wp-content\/uploads\/2025\/07\/CONTRATO-013-CIP-orig.pdf\">https:\/\/iesanjosecip.edu.co\/wp-content\/uploads\/2025\/07\/CONTRATO-013-CIP-orig.pdf<\/a><\/p>\n\n\n\n<p><strong>INVITACI\u00d3N PUBLICA 014-2025<\/strong><\/p>\n\n\n\n<p>OBJETO: ADQUISICI\u00d3N DE P\u00d3LIZA GLOBAL DE MANEJO DE SECTOR OFICIAL PARA LOS FONDOS DE SERVICIOS EDUCATIVOS DE LOS FUNCIONARIOS (RECTOR Y AUXILIAR ADMINISTRATIVO CON FUNCIONES DE PAGADOR) DE LA INSTITUCI\u00d3N EDUCATIVA SAN JOS\u00c9 C.I.P.<\/p>\n\n\n\n<p>ESTUDIO DE MERCADO: <a href=\"https:\/\/iesanjosecip.edu.co\/wp-content\/uploads\/2025\/07\/estudio-de-mercado-014.pdf\">https:\/\/iesanjosecip.edu.co\/wp-content\/uploads\/2025\/07\/estudio-de-mercado-014.pdf<\/a><\/p>\n\n\n\n<p>ESTUDIO PREVIO: <a href=\"https:\/\/iesanjosecip.edu.co\/wp-content\/uploads\/2025\/07\/ESTUDIO-PREVIO-014.pdf\">https:\/\/iesanjosecip.edu.co\/wp-content\/uploads\/2025\/07\/ESTUDIO-PREVIO-014.pdf<\/a><\/p>\n\n\n\n<p>INVITACION PUBLICA: <a href=\"https:\/\/iesanjosecip.edu.co\/wp-content\/uploads\/2025\/07\/INVITACION-PUBLICA-14.pdf\">https:\/\/iesanjosecip.edu.co\/wp-content\/uploads\/2025\/07\/INVITACION-PUBLICA-14.pdf<\/a><\/p>\n\n\n\n<p>CONTRATO: <a href=\"https:\/\/iesanjosecip.edu.co\/wp-content\/uploads\/2025\/07\/CONTRATO-OR-014-2025-CIP.pdf\">https:\/\/iesanjosecip.edu.co\/wp-content\/uploads\/2025\/07\/CONTRATO-OR-014-2025-CIP.pdf<\/a><\/p>\n\n\n\n<p><strong>CONTRATACION DIRECTA 015-2025<\/strong><\/p>\n\n\n\n<p>OBJETO: <strong>PRESTACION DE SERVICIOS DE ALQUILER DE SONIDO PARA LA REALIZACI\u00d3N DE ENSAYO GENERAL Y MUESTRAS MUSICALES EN EL MARCO DEL PROYECTO ESCUELA DE FORMACI\u00d3N MUSICAL, SEG\u00daN CONVENIO NO. 0915 \u2013 2025 ENTRE EL MINISTERIO DE LAS CULTURAS, LAS ARTES Y LOS SABERES Y LA INSTITUCI\u00d3N EDUCATIVA SAN JOS\u00c9<\/strong> <strong>C.I.P.<\/strong><\/p>\n\n\n\n<p>ESTUDIO DE MERCADO: <a href=\"https:\/\/iesanjosecip.edu.co\/wp-content\/uploads\/2025\/07\/estudio-de-mercado-015.pdf\">https:\/\/iesanjosecip.edu.co\/wp-content\/uploads\/2025\/07\/estudio-de-mercado-015.pdf<\/a><\/p>\n\n\n\n<p>ESTUDIO PREVIO: <a href=\"https:\/\/iesanjosecip.edu.co\/wp-content\/uploads\/2025\/07\/ESTUDIO-PREVIO-015.pdf\">https:\/\/iesanjosecip.edu.co\/wp-content\/uploads\/2025\/07\/ESTUDIO-PREVIO-015.pdf<\/a><\/p>\n\n\n\n<p>RESOLUCION DE JUSTIFICACION: <a href=\"https:\/\/iesanjosecip.edu.co\/wp-content\/uploads\/2025\/07\/RESOLUCION-DE-CONTRATACION-D-015.pdf\">https:\/\/iesanjosecip.edu.co\/wp-content\/uploads\/2025\/07\/RESOLUCION-DE-CONTRATACION-D-015.pdf<\/a><\/p>\n\n\n\n<p>CONTRATO: <a href=\"https:\/\/iesanjosecip.edu.co\/wp-content\/uploads\/2025\/07\/CONTRATO-ORI-015.pdf\">https:\/\/iesanjosecip.edu.co\/wp-content\/uploads\/2025\/07\/CONTRATO-ORI-015.pdf<\/a><\/p>\n\n\n\n<p><strong>INVITACION PUBLICA 018-2025<\/strong><\/p>\n\n\n\n<p>OBJETO: <strong>PRESTACION DE SERVICIOS DE AL<strong>SERVICIO DE MANTENIMIENTO DE INFRAESTRUCTURA EN REDES ELECTRICAS A TODO COSTO EN LA SEDE PRINCIPAL DE LA INSTITUCI\u00d3N EDUCATIVA SAN JOS\u00c9 CIP.<\/strong><\/strong><\/p>\n\n\n\n<p>ESTUDIO DE MERCADO: <a href=\"https:\/\/iesanjosecip.edu.co\/wp-content\/uploads\/2025\/09\/estudio-de-mercado-018-CIP.pdf\">https:\/\/iesanjosecip.edu.co\/wp-content\/uploads\/2025\/09\/estudio-de-mercado-018-CIP.pdf<\/a><\/p>\n\n\n\n<p>ESTUDIO PREVIO: <a href=\"https:\/\/iesanjosecip.edu.co\/wp-content\/uploads\/2025\/09\/ESTUDIO-PREVIO-018-CIP.pdf\">https:\/\/iesanjosecip.edu.co\/wp-content\/uploads\/2025\/09\/ESTUDIO-PREVIO-018-CIP.pdf<\/a><\/p>\n\n\n\n<p>INVITACION PUBLICA:<a href=\"https:\/\/iesanjosecip.edu.co\/wp-content\/uploads\/2025\/09\/ESTUDIO-PREVIO-018-CIP-1.pdf\">https:\/\/iesanjosecip.edu.co\/wp-content\/uploads\/2025\/09\/ESTUDIO-PREVIO-018-CIP-1.pdf<\/a><\/p>\n\n\n\n<p>CONTRATO: <a href=\"https:\/\/iesanjosecip.edu.co\/wp-content\/uploads\/2025\/09\/CONTRATO-018-CIP-OR.pdf\">https:\/\/iesanjosecip.edu.co\/wp-content\/uploads\/2025\/09\/CONTRATO-018-CIP-OR.pdf<\/a><\/p>\n\n\n\n<p><strong>INVITACION PUBLICA 019-2025<\/strong><\/p>\n\n\n\n<p>OBJETO: <a><strong>SUMINISTRO DE MATERIALES, ELEMENTOS Y \u00daTILES DE ASEO PARA LA INSTITUCI\u00d3N EDUCATIVA SAN JOS\u00c9 C.I.P.<\/strong><\/a><\/p>\n\n\n\n<p>ESTUDIO DE MERCADO:<a href=\"https:\/\/iesanjosecip.edu.co\/wp-content\/uploads\/2025\/09\/estudio-de-mercado-019-OR.pdf\">https:\/\/iesanjosecip.edu.co\/wp-content\/uploads\/2025\/09\/estudio-de-mercado-019-OR.pdf<\/a><\/p>\n\n\n\n<p>ESTUDIO PREVIO: <a href=\"https:\/\/iesanjosecip.edu.co\/wp-content\/uploads\/2025\/09\/ESTUDIO-PREVIO-019.pdf\">https:\/\/iesanjosecip.edu.co\/wp-content\/uploads\/2025\/09\/ESTUDIO-PREVIO-019.pdf<\/a><\/p>\n\n\n\n<p>INVITACION PUBLICA:<a href=\"https:\/\/iesanjosecip.edu.co\/wp-content\/uploads\/2025\/09\/INVITACION-PUBLICA-019.pdf\">https:\/\/iesanjosecip.edu.co\/wp-content\/uploads\/2025\/09\/INVITACION-PUBLICA-019.pdf<\/a><\/p>\n\n\n\n<p>CONTRATO:<a href=\"https:\/\/iesanjosecip.edu.co\/wp-content\/uploads\/2025\/10\/CONTRAT-019-OR.pdf\">https:\/\/iesanjosecip.edu.co\/wp-content\/uploads\/2025\/10\/CONTRAT-019-OR.pdf<\/a><\/p>\n\n\n\n<p><strong>INVITACION PUBLICA 020-2025<\/strong><\/p>\n\n\n\n<p>OBJETO: SERVICIO DE IMPRESIONES DE ACTAS, DIPLOMAS, MENCIONES DE HONOR Y OTROS ELEMENTOS PARA LA INSTITUCI\u00d3N EDUCATIVA SAN  JOS\u00c9 C.I.P.<\/p>\n\n\n\n<p>ESTUDIO DE MERCADO:<a href=\"https:\/\/iesanjosecip.edu.co\/wp-content\/uploads\/2025\/10\/estudio-de-mercado-020.pdf\">https:\/\/iesanjosecip.edu.co\/wp-content\/uploads\/2025\/10\/estudio-de-mercado-020.pdf<\/a><\/p>\n\n\n\n<p>ESTUDIO PREVIO: <a href=\"https:\/\/iesanjosecip.edu.co\/wp-content\/uploads\/2025\/10\/ESTUDIO-PREVIO-020.pdf\">https:\/\/iesanjosecip.edu.co\/wp-content\/uploads\/2025\/10\/ESTUDIO-PREVIO-020.pdf<\/a><\/p>\n\n\n\n<p>INVITACION PUBLICA:<a href=\"https:\/\/iesanjosecip.edu.co\/wp-content\/uploads\/2025\/10\/INVITACION-PUBLICA-020.pdf\">https:\/\/iesanjosecip.edu.co\/wp-content\/uploads\/2025\/10\/INVITACION-PUBLICA-020.pdf<\/a><\/p>\n\n\n\n<p>CONTRATO:<a href=\"https:\/\/iesanjosecip.edu.co\/wp-content\/uploads\/2025\/10\/CONTRATO-020-CIP-F.pdf\">https:\/\/iesanjosecip.edu.co\/wp-content\/uploads\/2025\/10\/CONTRATO-020-CIP-F.pdf<\/a><\/p>\n\n\n\n<p><strong>INVITACION PUBLICA 021-2025<\/strong><\/p>\n\n\n\n<p>OBJETO: PRESTACI\u00d3N DE SERVICIO EN MANTENIMIENTO DE INFRAESTRUCTURA DE PINTURA EN LOS SALONES DE PRIMARIA Y SECUNDARIA DE LA SEDE PRINCIPAL Y SEDE HIJOS DE OBREROS DE LA INSTITUCION EDUCATIVA SAN JOSE CIP.<\/p>\n\n\n\n<p>ESTUDIO DE MERCADO: <a href=\"https:\/\/iesanjosecip.edu.co\/wp-content\/uploads\/2025\/10\/estudio-de-mercado-21.pdf\">https:\/\/iesanjosecip.edu.co\/wp-content\/uploads\/2025\/10\/estudio-de-mercado-21.pdf<\/a><\/p>\n\n\n\n<p>ESTUDIO PREVIO: <a href=\"https:\/\/iesanjosecip.edu.co\/wp-content\/uploads\/2025\/10\/ESTUDIO-PREVIO-021.pdf\">https:\/\/iesanjosecip.edu.co\/wp-content\/uploads\/2025\/10\/ESTUDIO-PREVIO-021.pdf<\/a><\/p>\n\n\n\n<p>INVITACION PUBLICA:<a href=\"https:\/\/iesanjosecip.edu.co\/wp-content\/uploads\/2025\/10\/INVITACION-PUBLICA-021.pdf\">https:\/\/iesanjosecip.edu.co\/wp-content\/uploads\/2025\/10\/INVITACION-PUBLICA-021.pdf<\/a><\/p>\n\n\n\n<p>CONTRATO:<a href=\"https:\/\/iesanjosecip.edu.co\/wp-content\/uploads\/2025\/10\/CONTRATO-021-orig.pdf\">https:\/\/iesanjosecip.edu.co\/wp-content\/uploads\/2025\/10\/CONTRATO-021-orig.pdf<\/a><\/p>\n","protected":false},"excerpt":{"rendered":"<p>INVITACI\u00d3N PUBLICA 001-2025 OBJETO: SERVICIO EN GENERAL DE DESINFECCION Y LIMPIEZA EN PATIOS, ZONAS VERDE, JARDINES, CANALETAS O CANALES DE DESAG\u00dcE, VIGACANALES, ZONAS DE CIRCULACI\u00d3N, PODA DE \u00c1RBOLES, DESMONTE EN LAS SEDES DE LA INSTITUCI\u00d3N EDUCATIVA. ESTUDIO DE MERCADO https:\/\/iesanjosecip.edu.co\/wp-content\/uploads\/2025\/02\/EM01-2025-CIP.pdf ESTUDIO PREVIO https:\/\/iesanjosecip.edu.co\/wp-content\/uploads\/2025\/02\/EP01-2025-CIP.pdf INVITACION PUBLICAhttps:\/\/iesanjosecip.edu.co\/wp-content\/uploads\/2025\/02\/IP01-2025-CIP.pdf CONTRATO: https:\/\/iesanjosecip.edu.co\/wp-content\/uploads\/2025\/02\/CONTRATO-001-2025-CIP-OR.pdf CONTRATACI\u00d3N DIRECTA 002-2025 OBJETO:SERVICIOS PROFESIONALES PARA LA ASESOR\u00cdA [&hellip;]<\/p>\n","protected":false},"author":2,"featured_media":0,"parent":0,"menu_order":0,"comment_status":"closed","ping_status":"closed","template":"","meta":{"footnotes":""},"class_list":["post-648","page","type-page","status-publish","hentry"],"_links":{"self":[{"href":"https:\/\/iesanjosecip.edu.co\/index.php?rest_route=\/wp\/v2\/pages\/648","targetHints":{"allow":["GET"]}}],"collection":[{"href":"https:\/\/iesanjosecip.edu.co\/index.php?rest_route=\/wp\/v2\/pages"}],"about":[{"href":"https:\/\/iesanjosecip.edu.co\/index.php?rest_route=\/wp\/v2\/types\/page"}],"author":[{"embeddable":true,"href":"https:\/\/iesanjosecip.edu.co\/index.php?rest_route=\/wp\/v2\/users\/2"}],"replies":[{"embeddable":true,"href":"https:\/\/iesanjosecip.edu.co\/index.php?rest_route=%2Fwp%2Fv2%2Fcomments&post=648"}],"version-history":[{"count":25,"href":"https:\/\/iesanjosecip.edu.co\/index.php?rest_route=\/wp\/v2\/pages\/648\/revisions"}],"predecessor-version":[{"id":780,"href":"https:\/\/iesanjosecip.edu.co\/index.php?rest_route=\/wp\/v2\/pages\/648\/revisions\/780"}],"wp:attachment":[{"href":"https:\/\/iesanjosecip.edu.co\/index.php?rest_route=%2Fwp%2Fv2%2Fmedia&parent=648"}],"curies":[{"name":"wp","href":"https:\/\/api.w.org\/{rel}","templated":true}]}}