{"id":782,"date":"2026-01-29T08:17:16","date_gmt":"2026-01-29T13:17:16","guid":{"rendered":"https:\/\/iesanjosecip.edu.co\/?page_id=782"},"modified":"2026-01-29T08:32:25","modified_gmt":"2026-01-29T13:32:25","slug":"contratacion-2026","status":"publish","type":"page","link":"https:\/\/iesanjosecip.edu.co\/?page_id=782","title":{"rendered":"Contrataci\u00f3n 2026"},"content":{"rendered":"\n<p><strong>CONTRATACI\u00d3N DIRECTA 001-2026<\/strong><\/p>\n\n\n\n<p>OBJETO:SERVICIOS PROFESIONALES PARA LA ASESOR\u00cdA CONTABLE Y FINANCIERA DE LA INSTITUCI\u00d3N EDUCATIVA SAN JOS\u00c9 CIP.<\/p>\n\n\n\n<p>ESTUDIO DE MERCADO\u00a0<a href=\"https:\/\/iesanjosecip.edu.co\/wp-content\/uploads\/2026\/01\/EM2026-001-CIP.pdf\">https:\/\/iesanjosecip.edu.co\/wp-content\/uploads\/2026\/01\/EM2026-001-CIP.pdf<\/a><\/p>\n\n\n\n<p>ESTUDIO PREVIO\u00a0<a href=\"https:\/\/iesanjosecip.edu.co\/wp-content\/uploads\/2026\/01\/EP001-2026-CIP.pdf\">https:\/\/iesanjosecip.edu.co\/wp-content\/uploads\/2026\/01\/EP001-2026-CIP.pdf<\/a><\/p>\n\n\n\n<p>RESOLUCI\u00d3N DE JUSTIFICACI\u00d3N\u00a0<a href=\"https:\/\/iesanjosecip.edu.co\/wp-content\/uploads\/2026\/01\/RESCD001-2026-CIP.pdf\">https:\/\/iesanjosecip.edu.co\/wp-content\/uploads\/2026\/01\/RESCD001-2026-CIP.pdf<\/a><\/p>\n\n\n\n<p>CONTRATO:\u00a0<a href=\"https:\/\/iesanjosecip.edu.co\/wp-content\/uploads\/2026\/01\/CONTRATO-001-ORI.pdf\">https:\/\/iesanjosecip.edu.co\/wp-content\/uploads\/2026\/01\/CONTRATO-001-ORI.pdf<\/a><\/p>\n\n\n\n<p><strong>CONTRATACI\u00d3N DIRECTA 002-2026<\/strong><\/p>\n\n\n\n<p>OBJETO:SERVICIOS PROFESIONALES PARA LA ASESOR\u00cdA LEGAL, SECOP 2 Y CONTRATACIONES EN LA ADQUISICION DE BIENES Y SERVICIOS EN RELACI\u00d3N A LOS RECURSOS DE FSE DE LA INSTITUCI\u00d3N EDUCATIVA SAN JOS\u00c9 CIP.<\/p>\n\n\n\n<p>ESTUDIO DE MERCADO\u00a0<a href=\"https:\/\/iesanjosecip.edu.co\/wp-content\/uploads\/2026\/01\/EM002-2026-CIP.pdf\">https:\/\/iesanjosecip.edu.co\/wp-content\/uploads\/2026\/01\/EM002-2026-CIP.pdf<\/a><\/p>\n\n\n\n<p>ESTUDIO PREVIO<a href=\"https:\/\/iesanjosecip.edu.co\/wp-content\/uploads\/2026\/01\/EP002-2026-CIP.pdf\">https:\/\/iesanjosecip.edu.co\/wp-content\/uploads\/2026\/01\/EP002-2026-CIP.pdf<\/a><\/p>\n\n\n\n<p>RESOLUCI\u00d3N DE JUSTIFICACI\u00d3N\u00a0<a href=\"https:\/\/iesanjosecip.edu.co\/wp-content\/uploads\/2026\/01\/RESCD002-2026-CIP.pdf\">https:\/\/iesanjosecip.edu.co\/wp-content\/uploads\/2026\/01\/RESCD002-2026-CIP.pdf<\/a><\/p>\n\n\n\n<p>CONTRATO:\u00a0<a href=\"https:\/\/iesanjosecip.edu.co\/wp-content\/uploads\/2026\/01\/CONTRATO-002-ORI.pdf\">https:\/\/iesanjosecip.edu.co\/wp-content\/uploads\/2026\/01\/CONTRATO-002-ORI.pdf<\/a><\/p>\n\n\n\n<p><strong>CONTRATACION DIRECTA 003-2026<\/strong><\/p>\n\n\n\n<p>OBJETO:\u00a0<strong>PRESTACION DE SERVICIOS TECNICOS PARA EL MANTENIMIENTO, ACTUALIZACION Y SOPORTE DE LA PLATAFORMA SISNOTAS DE LA INSTITUCI\u00d3N EDUCATIVA SAN JOS\u00c9<\/strong>\u00a0<strong>C.I.P.<\/strong><\/p>\n\n\n\n<p>ESTUDIO DE MERCADO:\u00a0<a href=\"https:\/\/iesanjosecip.edu.co\/wp-content\/uploads\/2026\/01\/EM003-2026-CIP.pdf\">https:\/\/iesanjosecip.edu.co\/wp-content\/uploads\/2026\/01\/EM003-2026-CIP.pdf<\/a><\/p>\n\n\n\n<p>ESTUDIO PREVIO:\u00a0<a href=\"https:\/\/iesanjosecip.edu.co\/wp-content\/uploads\/2026\/01\/EP003-2026-CIP.pdf\">https:\/\/iesanjosecip.edu.co\/wp-content\/uploads\/2026\/01\/EP003-2026-CIP.pdf<\/a><\/p>\n\n\n\n<p>RESOLUCION DE JUSTIFICACION:\u00a0<a href=\"https:\/\/iesanjosecip.edu.co\/wp-content\/uploads\/2026\/01\/RESCD003-2026-CIP.pdf\">https:\/\/iesanjosecip.edu.co\/wp-content\/uploads\/2026\/01\/RESCD003-2026-CIP.pdf<\/a><\/p>\n\n\n\n<p>CONTRATO:\u00a0<a href=\"https:\/\/iesanjosecip.edu.co\/wp-content\/uploads\/2026\/01\/CONTRATO-003-ORI.pdf\">https:\/\/iesanjosecip.edu.co\/wp-content\/uploads\/2026\/01\/CONTRATO-003-ORI.pdf<\/a><\/p>\n","protected":false},"excerpt":{"rendered":"<p>CONTRATACI\u00d3N DIRECTA 001-2026 OBJETO:SERVICIOS PROFESIONALES PARA LA ASESOR\u00cdA CONTABLE Y FINANCIERA DE LA INSTITUCI\u00d3N EDUCATIVA SAN JOS\u00c9 CIP. ESTUDIO DE MERCADO\u00a0https:\/\/iesanjosecip.edu.co\/wp-content\/uploads\/2026\/01\/EM2026-001-CIP.pdf ESTUDIO PREVIO\u00a0https:\/\/iesanjosecip.edu.co\/wp-content\/uploads\/2026\/01\/EP001-2026-CIP.pdf RESOLUCI\u00d3N DE JUSTIFICACI\u00d3N\u00a0https:\/\/iesanjosecip.edu.co\/wp-content\/uploads\/2026\/01\/RESCD001-2026-CIP.pdf CONTRATO:\u00a0https:\/\/iesanjosecip.edu.co\/wp-content\/uploads\/2026\/01\/CONTRATO-001-ORI.pdf CONTRATACI\u00d3N DIRECTA 002-2026 OBJETO:SERVICIOS PROFESIONALES PARA LA ASESOR\u00cdA LEGAL, SECOP 2 Y CONTRATACIONES EN LA ADQUISICION DE BIENES Y SERVICIOS EN RELACI\u00d3N A LOS RECURSOS DE FSE DE [&hellip;]<\/p>\n","protected":false},"author":2,"featured_media":0,"parent":0,"menu_order":0,"comment_status":"closed","ping_status":"closed","template":"","meta":{"footnotes":""},"class_list":["post-782","page","type-page","status-publish","hentry"],"_links":{"self":[{"href":"https:\/\/iesanjosecip.edu.co\/index.php?rest_route=\/wp\/v2\/pages\/782","targetHints":{"allow":["GET"]}}],"collection":[{"href":"https:\/\/iesanjosecip.edu.co\/index.php?rest_route=\/wp\/v2\/pages"}],"about":[{"href":"https:\/\/iesanjosecip.edu.co\/index.php?rest_route=\/wp\/v2\/types\/page"}],"author":[{"embeddable":true,"href":"https:\/\/iesanjosecip.edu.co\/index.php?rest_route=\/wp\/v2\/users\/2"}],"replies":[{"embeddable":true,"href":"https:\/\/iesanjosecip.edu.co\/index.php?rest_route=%2Fwp%2Fv2%2Fcomments&post=782"}],"version-history":[{"count":4,"href":"https:\/\/iesanjosecip.edu.co\/index.php?rest_route=\/wp\/v2\/pages\/782\/revisions"}],"predecessor-version":[{"id":801,"href":"https:\/\/iesanjosecip.edu.co\/index.php?rest_route=\/wp\/v2\/pages\/782\/revisions\/801"}],"wp:attachment":[{"href":"https:\/\/iesanjosecip.edu.co\/index.php?rest_route=%2Fwp%2Fv2%2Fmedia&parent=782"}],"curies":[{"name":"wp","href":"https:\/\/api.w.org\/{rel}","templated":true}]}}